{"id":35,"date":"2016-11-29T01:21:42","date_gmt":"2016-11-29T04:21:42","guid":{"rendered":"https:\/\/oceanwp.org\/stylish\/?page_id=35"},"modified":"2024-09-10T16:54:15","modified_gmt":"2024-09-10T19:54:15","slug":"biografia","status":"publish","type":"page","link":"https:\/\/www.danielcalmels.com.ar\/?page_id=35","title":{"rendered":"Biograf\u00eda"},"content":{"rendered":"\t\t<div data-elementor-type=\"wp-page\" data-elementor-id=\"35\" class=\"elementor elementor-35\">\n\t\t\t\t\t\t<section class=\"elementor-section elementor-top-section elementor-element elementor-element-tkml1zg elementor-section-height-min-height elementor-section-content-top elementor-section-boxed elementor-section-height-default elementor-section-items-middle\" data-id=\"tkml1zg\" data-element_type=\"section\">\n\t\t\t\t\t\t<div class=\"elementor-container elementor-column-gap-default\">\n\t\t\t\t\t<div class=\"elementor-column elementor-col-100 elementor-top-column elementor-element elementor-element-97j26r1\" data-id=\"97j26r1\" data-element_type=\"column\">\n\t\t\t<div class=\"elementor-widget-wrap elementor-element-populated\">\n\t\t\t\t\t\t<div class=\"elementor-element elementor-element-fd52224 elementor-widget elementor-widget-heading\" data-id=\"fd52224\" data-element_type=\"widget\" data-widget_type=\"heading.default\">\n\t\t\t\t<div class=\"elementor-widget-container\">\n\t\t\t<h2 class=\"elementor-heading-title elementor-size-default\">Datos profesionales<\/h2>\t\t<\/div>\n\t\t\t\t<\/div>\n\t\t\t\t<div class=\"elementor-element elementor-element-bc422ac elementor-widget elementor-widget-text-editor\" data-id=\"bc422ac\" data-element_type=\"widget\" data-widget_type=\"text-editor.default\">\n\t\t\t\t<div class=\"elementor-widget-container\">\n\t\t\t\t\t\t\t<p>Sus escritos abarcan diversos g\u00e9neros: poes\u00eda, narrativa y ensayo. Sus libros forman parte de la bibliograf\u00eda de diversas formaciones en Nivel Inicial,\u00a0 licenciaturas en Psicomotricidad, Psicopedagog\u00eda, Profesorados y licenciaturas en Educaci\u00f3n F\u00edsica, as\u00ed como en diversas formaciones de Danza y Teatro. Colabora con numerosas publicaciones y revistas. Sus escritos fueron ilustrados por diversos artistas pl\u00e1sticos, entre otros: Eduardo Medici, Pablo Solari, Laura Dubrovsky, Blas Castagna, Ra\u00fal Ponce, Roberto Tessi, Juan Aljinovich, Ernesto Pesce, Marcelo Vejares, Flora Stilman, Alicia Mayo, Claudia Degliuomini, Elsa Scanio, Romina Biassoni y Juan Bernardez.<strong>\u00a0<\/strong><\/p><p><strong>Antecedentes en el \u00e1mbito cl\u00ednico-terap\u00e9utico<\/strong><\/p><p>\u00a0\u00a0\u00a0\u00a0\u00a0\u00a0\u00a0\u00a0\u00a0\u00a0\u00a0 Su tarea profesional en Psicomotricidad se remonta al a\u00f1o 1976, por lo cual se encuentra conformando el grupo de profesionales que gestaron la especialidad en el \u00e1mbito cl\u00ednico.<\/p><ul><li><strong>Fundador<\/strong> <strong>del \u00e1rea de Psicomotricidad<\/strong> en el Servicio de Psicopatolog\u00eda Infanto Juvenil del Hospital Escuela Gral. San Mart\u00edn (Cl\u00ednicas) (1980).<\/li><\/ul><ul><li><strong>Coordinador del \u00c1rea de Psicomotricidad y Psicomotricista de planta<\/strong> del Servicio de Psicopatolog\u00eda Infanto Juvenil del Hospital Escuela Gral. San Mart\u00edn (Cl\u00ednicas) desde 1980 hasta 2005.<\/li><\/ul><ul><li><strong>Profesional invitado<\/strong> al Servicio de Cl\u00ednicas Interdisciplinarias, Hospital Garraghan. T\u00edtulo de la investigaci\u00f3n: Las representaciones del cuerpo en ni\u00f1os con cardiopat\u00edas cong\u00e9nitas.<strong> <br \/><\/strong><\/li><\/ul><ul><li><strong>Atenci\u00f3n en \u00e1mbito privado, terapia psicomotriz con ni\u00f1os y adolescentes. Especializado en el dispositivo de Cl\u00ednica Grupal<\/strong>, desde 1976 hasta la actualidad.<\/li><\/ul>\t\t\t\t\t\t<\/div>\n\t\t\t\t<\/div>\n\t\t\t\t\t<\/div>\n\t\t<\/div>\n\t\t\t\t\t<\/div>\n\t\t<\/section>\n\t\t\t\t<\/div>\n\t\t","protected":false},"excerpt":{"rendered":"<div class=\"pvc_clear\"><\/div>\n<p id=\"pvc_stats_35\" class=\"pvc_stats total_only  \" data-element-id=\"35\" style=\"\"><i class=\"pvc-stats-icon medium\" aria-hidden=\"true\"><svg aria-hidden=\"true\" focusable=\"false\" data-prefix=\"far\" data-icon=\"chart-bar\" role=\"img\" xmlns=\"http:\/\/www.w3.org\/2000\/svg\" viewBox=\"0 0 512 512\" class=\"svg-inline--fa fa-chart-bar fa-w-16 fa-2x\"><path fill=\"currentColor\" d=\"M396.8 352h22.4c6.4 0 12.8-6.4 12.8-12.8V108.8c0-6.4-6.4-12.8-12.8-12.8h-22.4c-6.4 0-12.8 6.4-12.8 12.8v230.4c0 6.4 6.4 12.8 12.8 12.8zm-192 0h22.4c6.4 0 12.8-6.4 12.8-12.8V140.8c0-6.4-6.4-12.8-12.8-12.8h-22.4c-6.4 0-12.8 6.4-12.8 12.8v198.4c0 6.4 6.4 12.8 12.8 12.8zm96 0h22.4c6.4 0 12.8-6.4 12.8-12.8V204.8c0-6.4-6.4-12.8-12.8-12.8h-22.4c-6.4 0-12.8 6.4-12.8 12.8v134.4c0 6.4 6.4 12.8 12.8 12.8zM496 400H48V80c0-8.84-7.16-16-16-16H16C7.16 64 0 71.16 0 80v336c0 17.67 14.33 32 32 32h464c8.84 0 16-7.16 16-16v-16c0-8.84-7.16-16-16-16zm-387.2-48h22.4c6.4 0 12.8-6.4 12.8-12.8v-70.4c0-6.4-6.4-12.8-12.8-12.8h-22.4c-6.4 0-12.8 6.4-12.8 12.8v70.4c0 6.4 6.4 12.8 12.8 12.8z\" class=\"\"><\/path><\/svg><\/i> <img decoding=\"async\" width=\"16\" height=\"16\" alt=\"Loading\" src=\"https:\/\/www.danielcalmels.com.ar\/wp-content\/plugins\/page-views-count\/ajax-loader-2x.gif\" border=0 \/><\/p>\n<div class=\"pvc_clear\"><\/div>\n<p>Datos profesionales Sus escritos abarcan diversos g\u00e9neros: poes\u00eda, narrativa y ensayo. Sus libros forman parte de la bibliograf\u00eda de diversas formaciones en Nivel Inicial,\u00a0 licenciaturas en Psicomotricidad, Psicopedagog\u00eda, Profesorados y licenciaturas en Educaci\u00f3n F\u00edsica, as\u00ed como en diversas formaciones de Danza y Teatro. Colabora con numerosas publicaciones y revistas. Sus escritos fueron ilustrados por diversos &#8230; <a href=\"https:\/\/www.danielcalmels.com.ar\/?page_id=35\" class=\"more-link\">Read More<span class=\"screen-reader-text\"> &#8220;Biograf\u00eda&#8221;<\/span> &raquo;<\/a><\/p>\n","protected":false},"author":1,"featured_media":0,"parent":0,"menu_order":0,"comment_status":"closed","ping_status":"closed","template":"","meta":{"footnotes":""},"class_list":["post-35","page","type-page","status-publish","hentry"],"_links":{"self":[{"href":"https:\/\/www.danielcalmels.com.ar\/index.php?rest_route=\/wp\/v2\/pages\/35","targetHints":{"allow":["GET"]}}],"collection":[{"href":"https:\/\/www.danielcalmels.com.ar\/index.php?rest_route=\/wp\/v2\/pages"}],"about":[{"href":"https:\/\/www.danielcalmels.com.ar\/index.php?rest_route=\/wp\/v2\/types\/page"}],"author":[{"embeddable":true,"href":"https:\/\/www.danielcalmels.com.ar\/index.php?rest_route=\/wp\/v2\/users\/1"}],"replies":[{"embeddable":true,"href":"https:\/\/www.danielcalmels.com.ar\/index.php?rest_route=%2Fwp%2Fv2%2Fcomments&post=35"}],"version-history":[{"count":34,"href":"https:\/\/www.danielcalmels.com.ar\/index.php?rest_route=\/wp\/v2\/pages\/35\/revisions"}],"predecessor-version":[{"id":2816,"href":"https:\/\/www.danielcalmels.com.ar\/index.php?rest_route=\/wp\/v2\/pages\/35\/revisions\/2816"}],"wp:attachment":[{"href":"https:\/\/www.danielcalmels.com.ar\/index.php?rest_route=%2Fwp%2Fv2%2Fmedia&parent=35"}],"curies":[{"name":"wp","href":"https:\/\/api.w.org\/{rel}","templated":true}]}}